{"id":1097,"date":"2024-05-14T17:51:08","date_gmt":"2024-05-14T17:51:08","guid":{"rendered":"https:\/\/multiserviciosjulian.com\/reformas-hogar-lescala-girona\/"},"modified":"2024-05-17T17:32:31","modified_gmt":"2024-05-17T17:32:31","slug":"renovation-appartements-maisons-lescala-girona","status":"publish","type":"page","link":"https:\/\/multiserviciosjulian.com\/fr\/renovation-appartements-maisons-lescala-girona\/","title":{"rendered":"R\u00e9novation appartements et maisons \u00e0 L\u2019Escala (Girona)"},"content":{"rendered":"\t<section class=\"section\" id=\"section_1263790192\">\n\t\t<div class=\"bg section-bg fill bg-fill  bg-loaded\" >\n\n\t\t\t\n\t\t\t\n\t\t\t\n\n\t\t<\/div>\n\n\t\t\n\n\t\t<div class=\"section-content relative\">\n\t\t\t\n<div class=\"row\"  id=\"row-2138931651\">\n\n\t<div id=\"col-242383828\" class=\"col small-12 large-12\"  >\n\t\t\t\t<div class=\"col-inner\"  >\n\t\t\t\n\t\t\t\n<div class=\"container section-title-container\" ><h1 class=\"section-title section-title-normal\"><b><\/b><span class=\"section-title-main\" style=\"color:rgb(151, 17, 17);\">R\u00e9novation appartements et maisons \u00e0 L\u2019Escala (Girona)<\/span><b><\/b><\/h1><\/div>\n<p>NOUS SOMMES DES PROFESSIONNELS<br \/>\nChez <em><strong>Multiservicios JULIA<\/strong>N<\/em> nous nous consacrons aux travaux de renovation de votre maisone depuis 1999<br \/>\nNous vous offrons un service de r\u00e9novation et de r\u00e9paration maisons de qualit\u00e9.<\/p>\n\t\t<\/div>\n\t\t\t\t\t<\/div>\n\n\t\n<\/div>\n\t\t<\/div>\n\n\t\t\n<style>\n#section_1263790192 {\n  padding-top: 60px;\n  padding-bottom: 60px;\n}\n<\/style>\n\t<\/section>\n\t\n\t<section class=\"section\" id=\"section_955299967\">\n\t\t<div class=\"bg section-bg fill bg-fill  bg-loaded\" >\n\n\t\t\t\n\t\t\t<div class=\"section-bg-overlay absolute fill\"><\/div>\n\t\t\t\n\n\t\t<\/div>\n\n\t\t\n\n\t\t<div class=\"section-content relative\">\n\t\t\t\n\n  <div class=\"banner has-hover\" id=\"banner-1793876381\">\n          <div class=\"banner-inner fill\">\n        <div class=\"banner-bg fill\" >\n            <div class=\"bg fill bg-fill \"><\/div>\n                        <div class=\"overlay\"><\/div>            \n                    <\/div>\n\t\t\t<div class=\"ux-shape-divider ux-shape-divider--top ux-shape-divider--style-tilt\">\n\t\t<svg viewBox=\"0 0 1000 100\" xmlns=\"http:\/\/www.w3.org\/2000\/svg\" preserveAspectRatio=\"none\">\n\t<path class=\"ux-shape-fill\" d=\"M1000 100V0L-40 100H1000Z\"\/>\n<\/svg>\n\t<\/div>\n\n        <div class=\"banner-layers container\">\n            <div class=\"fill banner-link\"><\/div>            \n   <div id=\"text-box-342794415\" class=\"text-box banner-layer x50 md-x50 lg-x50 y50 md-y50 lg-y50 res-text\">\n                     <div data-animate=\"fadeInRight\">           <div class=\"text-box-content text dark\">\n              \n              <div class=\"text-inner text-left\">\n                  \n\t<div id=\"text-4236795578\" class=\"text\">\n\t\t\n<h2>Travaux de r\u00e9novation maisons et appartements<\/h2>\n<ul>\n<li>\n<h4>Volets, moustiquaires, moteurs<\/h4>\n<\/li>\n<li>\n<h4>\u00c9CRANS DE SALLE DE BAINS et MEUBLES<\/h4>\n<\/li>\n<li>\n<h4>ALUMINIUM<\/h4>\n<\/li>\n<li>\n<h4>PVC<\/h4>\n<\/li>\n<li>\n<h4>CANAUX DE DRAINAGE<\/h4>\n<\/li>\n<li>\n<h4>PEINTURE et D\u00c9CORATION<\/h4>\n<\/li>\n<li>\n<h4>PALETTE et OEUVRES<\/h4>\n<\/li>\n<li>\n<h4>PLOMBERIE ET \u200b\u200bPLOMBERIE<\/h4>\n<\/li>\n<li>\n<h4>GRILLES : Fer, Aluminium, Arbal\u00e8tes&#8230;<\/h4>\n<\/li>\n<\/ul>\n\t\t\n<style>\n#text-4236795578 {\n  font-size: 0.85rem;\n  text-align: left;\n}\n<\/style>\n\t<\/div>\n\t\n<a href=\"https:\/\/www.mosquiterasjulian.com\/fr\/6-moustiquaires\" target=\"_blank\" class=\"button primary\" rel=\"noopener\"  >\n    <span>VOLETS et MOUSTIQUAIRES<\/span>\n  <\/a>\n\n<a href=\"https:\/\/www.mosquiterasjulian.com\/fr\/24-salle-de-bains\" target=\"_blank\" class=\"button primary\" rel=\"noopener\"  >\n    <span>\u00c9CRANS DE SALLE DE BAINS et MEUBLES<\/span>\n  <\/a>\n\n              <\/div>\n           <\/div>\n       <\/div>                     \n<style>\n#text-box-342794415 {\n  width: 82%;\n}\n#text-box-342794415 .text-box-content {\n  font-size: 150%;\n}\n@media (min-width:550px) {\n  #text-box-342794415 .text-box-content {\n    font-size: 100%;\n  }\n}\n<\/style>\n    <\/div>\n \n        <\/div>\n      <\/div>\n\n            \n<style>\n#banner-1793876381 {\n  padding-top: 900px;\n}\n#banner-1793876381 .bg.bg-loaded {\n  background-image: url(https:\/\/multiserviciosjulian.com\/wp-content\/uploads\/2024\/05\/servicios01-1024x683.jpg);\n}\n#banner-1793876381 .overlay {\n  background-color: rgba(0,0,0,.5);\n}\n#banner-1793876381 .ux-shape-divider--top svg {\n  height: 150px;\n  --divider-top-width: 100%;\n}\n#banner-1793876381 .ux-shape-divider--top .ux-shape-fill {\n  fill: rgba(255, 255, 255, 0.523);\n}\n<\/style>\n  <\/div>\n\n\n<div class=\"message-box relative dark\" style=\"padding-top:132px;padding-bottom:132px;\"><div class=\"message-box-bg-image bg-fill fill\" ><\/div><div class=\"message-box-bg-overlay bg-fill fill\" style=\"background-color:rgb(69, 0, 0);\"><\/div><div class=\"container relative\"><div class=\"inner last-reset\">\n<div class=\"row align-middle align-center\"  id=\"row-1452749686\">\n\n\t<div id=\"col-1679036986\" class=\"col medium-9 small-12 large-9\"  >\n\t\t\t\t<div class=\"col-inner\"  >\n\t\t\t\n\t\t\t\n\t<div id=\"text-177733434\" class=\"text\">\n\t\t\n<h3>Avez-vous besoin d&rsquo;un devis\u00a0? Cliquez sur le bouton contact et envoyez-nous vos coordonn\u00e9es. Nous l&rsquo;appelons\u00a0!<\/h3>\n\t\t\n<style>\n#text-177733434 {\n  font-size: 1.5rem;\n}\n@media (min-width:550px) {\n  #text-177733434 {\n    font-size: 1.35rem;\n  }\n}\n<\/style>\n\t<\/div>\n\t\n\t\t<\/div>\n\t\t\t\t\n<style>\n#col-1679036986 > .col-inner {\n  margin: 0px 0px 40px 0px;\n}\n<\/style>\n\t<\/div>\n\n\t\n\n\t<div id=\"col-417942755\" class=\"col medium-2 small-12 large-2\"  >\n\t\t\t\t<div class=\"col-inner text-center\"  >\n\t\t\t\n\t\t\t\n<a data-animate=\"bounceInUp\" href=\"\/fr\/contact\/\" class=\"button primary\"  style=\"border-radius:99px;\">\n    <span>CONTACTEZ-NOUS<\/span>\n  <\/a>\n\n\t\t<\/div>\n\t\t\t\t\t<\/div>\n\n\t\n<\/div>\n<\/div><\/div><\/div>\n\n  <div class=\"banner has-hover\" id=\"banner-1917044900\">\n          <div class=\"banner-inner fill\">\n        <div class=\"banner-bg fill\" >\n            <div class=\"bg fill bg-fill \"><\/div>\n                        <div class=\"overlay\"><\/div>            \n                    <\/div>\n\t\t\t<div class=\"ux-shape-divider ux-shape-divider--top ux-shape-divider--style-triangle-invert\">\n\t\t<svg viewBox=\"0 0 1000 100\" xmlns=\"http:\/\/www.w3.org\/2000\/svg\" preserveAspectRatio=\"none\">\n\t<path class=\"ux-shape-fill\" d=\"M500 95.6L0 0V100H1000V0L500 95.6Z\"\/>\n<\/svg>\n\t<\/div>\n\n        <div class=\"banner-layers container\">\n            <div class=\"fill banner-link\"><\/div>            \n   <div id=\"text-box-266232054\" class=\"text-box banner-layer x50 md-x50 lg-x50 y50 md-y50 lg-y50 res-text\">\n                     <div data-animate=\"fadeInRight\">           <div class=\"text-box-content text dark\">\n              \n              <div class=\"text-inner text-left\">\n                  \n\t<div id=\"text-3510160300\" class=\"text\">\n\t\t\n<h2>Travaux de r\u00e9paration de maisons et d&rsquo;appartements<\/h2>\n<h4>Nous r\u00e9parons et entretenons\u00a0:<\/h4>\n<ul>\n<li>\n<h4>PORTES<\/h4>\n<\/li>\n<li>\n<h4>SERRURES<\/h4>\n<\/li>\n<li>\n<h4>FEN\u00caTRES<\/h4>\n<\/li>\n<li>\n<h4>STORES<\/h4>\n<\/li>\n<li>\n<h4>SOUDAGE<\/h4>\n<\/li>\n<li>\n<h4>\u2026<\/h4>\n<\/li>\n<\/ul>\n\t\t\n<style>\n#text-3510160300 {\n  font-size: 0.85rem;\n  text-align: left;\n}\n<\/style>\n\t<\/div>\n\t\n              <\/div>\n           <\/div>\n       <\/div>                     \n<style>\n#text-box-266232054 {\n  width: 60%;\n}\n#text-box-266232054 .text-box-content {\n  font-size: 100%;\n}\n@media (min-width:550px) {\n  #text-box-266232054 {\n    width: 85%;\n  }\n}\n<\/style>\n    <\/div>\n \n        <\/div>\n      <\/div>\n\n            \n<style>\n#banner-1917044900 {\n  padding-top: 700px;\n}\n#banner-1917044900 .bg.bg-loaded {\n  background-image: url(https:\/\/multiserviciosjulian.com\/wp-content\/uploads\/2024\/05\/servicios02-1024x678.jpg);\n}\n#banner-1917044900 .overlay {\n  background-color: rgba(0,0,0,.5);\n}\n#banner-1917044900 .bg {\n  background-position: 33% 36%;\n}\n#banner-1917044900 .ux-shape-divider--top svg {\n  height: 150px;\n  --divider-top-width: 100%;\n}\n#banner-1917044900 .ux-shape-divider--top .ux-shape-fill {\n  fill: rgba(255, 255, 255, 0.314);\n}\n<\/style>\n  <\/div>\n\n\n\t\t<\/div>\n\n\t\t\n<style>\n#section_955299967 {\n  padding-top: 30px;\n  padding-bottom: 30px;\n}\n#section_955299967 .section-bg-overlay {\n  background-color: rgba(0,0,0,.5);\n}\n<\/style>\n\t<\/section>\n\t\n","protected":false},"excerpt":{"rendered":"","protected":false},"author":1,"featured_media":0,"parent":0,"menu_order":0,"comment_status":"closed","ping_status":"closed","template":"page-blank.php","meta":{"footnotes":""},"_links":{"self":[{"href":"https:\/\/multiserviciosjulian.com\/fr\/wp-json\/wp\/v2\/pages\/1097"}],"collection":[{"href":"https:\/\/multiserviciosjulian.com\/fr\/wp-json\/wp\/v2\/pages"}],"about":[{"href":"https:\/\/multiserviciosjulian.com\/fr\/wp-json\/wp\/v2\/types\/page"}],"author":[{"embeddable":true,"href":"https:\/\/multiserviciosjulian.com\/fr\/wp-json\/wp\/v2\/users\/1"}],"replies":[{"embeddable":true,"href":"https:\/\/multiserviciosjulian.com\/fr\/wp-json\/wp\/v2\/comments?post=1097"}],"version-history":[{"count":4,"href":"https:\/\/multiserviciosjulian.com\/fr\/wp-json\/wp\/v2\/pages\/1097\/revisions"}],"predecessor-version":[{"id":1136,"href":"https:\/\/multiserviciosjulian.com\/fr\/wp-json\/wp\/v2\/pages\/1097\/revisions\/1136"}],"wp:attachment":[{"href":"https:\/\/multiserviciosjulian.com\/fr\/wp-json\/wp\/v2\/media?parent=1097"}],"curies":[{"name":"wp","href":"https:\/\/api.w.org\/{rel}","templated":true}]}}